{"id":393,"date":"2021-10-14T13:41:21","date_gmt":"2021-10-14T11:41:21","guid":{"rendered":"https:\/\/demosites.io\/neve-3\/?page_id=393"},"modified":"2023-07-31T12:37:22","modified_gmt":"2023-07-31T10:37:22","slug":"abrys-system","status":"publish","type":"page","link":"https:\/\/abrys.com.pl\/?page_id=393","title":{"rendered":"O programie"},"content":{"rendered":"\n<div class=\"wp-block-cover alignfull is-light\" style=\"min-height:20em;aspect-ratio:unset;\"><span aria-hidden=\"true\" class=\"wp-block-cover__background has-neve-link-color-background-color has-background-dim-0 has-background-dim\"><\/span><img fetchpriority=\"high\" decoding=\"async\" width=\"1920\" height=\"620\" class=\"wp-block-cover__image-background wp-image-447\" alt=\"Niezale\u017cnie jak du\u017ca jest Twoja firma, nasze oprogramowanie do produkcji mebli pomo\u017ce Ci zwi\u0119kszy\u0107 mar\u017cowo\u015b\u0107 produkcji, bez konieczno\u015bci ponoszenia wi\u0119kszych koszt\u00f3w.\" src=\"http:\/\/vario.mobi\/wp-content\/uploads\/2023\/05\/Slider_ABRYS_04.jpg\" data-object-fit=\"cover\" srcset=\"https:\/\/abrys.com.pl\/wp-content\/uploads\/2023\/05\/Slider_ABRYS_04.jpg 1920w, https:\/\/abrys.com.pl\/wp-content\/uploads\/2023\/05\/Slider_ABRYS_04-300x97.jpg 300w, https:\/\/abrys.com.pl\/wp-content\/uploads\/2023\/05\/Slider_ABRYS_04-1024x331.jpg 1024w, https:\/\/abrys.com.pl\/wp-content\/uploads\/2023\/05\/Slider_ABRYS_04-768x248.jpg 768w, https:\/\/abrys.com.pl\/wp-content\/uploads\/2023\/05\/Slider_ABRYS_04-1536x496.jpg 1536w\" sizes=\"(max-width: 1920px) 100vw, 1920px\" \/><div class=\"wp-block-cover__inner-container is-layout-flow wp-block-cover-is-layout-flow\">\n<div style=\"height:80px\" aria-hidden=\"true\" class=\"wp-block-spacer\"><\/div>\n<\/div><\/div>\n\n\n\n<div style=\"height:116px\" aria-hidden=\"true\" class=\"wp-block-spacer\"><\/div>\n\n\n\n<h2 class=\"wp-block-heading has-text-align-center has-text-color has-large-font-size\" style=\"color:#09336d\">Oprogramowanie do produkcji mebli Abrys SysTEM<\/h2>\n\n\n\n<p class=\"has-text-align-center\" style=\"font-size:24px\"><em>To tw\u00f3j asystent do zarz\u0105dzania wszystkimi procesami w firmie.<br>Niezale\u017cnie jak du\u017ca jest Twoja firma, nasze oprogramowanie do produkcji mebli pomo\u017ce Ci zwi\u0119kszy\u0107 mar\u017cowo\u015b\u0107 produkcji, bez konieczno\u015bci ponoszenia wi\u0119kszych koszt\u00f3w<\/em>.<\/p>\n\n\n\n<div style=\"height:75px\" aria-hidden=\"true\" class=\"wp-block-spacer\"><\/div>\n\n\n\n<div class=\"wp-block-columns is-layout-flex wp-container-core-columns-is-layout-9d6595d7 wp-block-columns-is-layout-flex\">\n<div class=\"wp-block-column is-layout-flow wp-block-column-is-layout-flow\"><div class=\"wp-block-image\">\n<figure class=\"aligncenter size-full is-resized\"><img decoding=\"async\" src=\"http:\/\/vario.mobi\/wp-content\/uploads\/2023\/05\/Projekt-bez-tytulu-2.png\" alt=\"Konfigurator Mebli 3D pozwala zamawia\u0107 gotowe i powiercone formatki bez ich r\u0119cznego rozpisywania, dzi\u0119ki czemu mo\u017cna unikn\u0105\u0107 cz\u0119stych b\u0142\u0119d\u00f3w. \" class=\"wp-image-439\" width=\"457\" height=\"455\" srcset=\"https:\/\/abrys.com.pl\/wp-content\/uploads\/2023\/05\/Projekt-bez-tytulu-2.png 800w, https:\/\/abrys.com.pl\/wp-content\/uploads\/2023\/05\/Projekt-bez-tytulu-2-300x300.png 300w, https:\/\/abrys.com.pl\/wp-content\/uploads\/2023\/05\/Projekt-bez-tytulu-2-150x150.png 150w, https:\/\/abrys.com.pl\/wp-content\/uploads\/2023\/05\/Projekt-bez-tytulu-2-768x766.png 768w\" sizes=\"(max-width: 457px) 100vw, 457px\" \/><\/figure>\n<\/div><\/div>\n\n\n\n<div class=\"wp-block-column is-vertically-aligned-center is-layout-flow wp-block-column-is-layout-flow\">\n<h4 class=\"wp-block-heading has-large-font-size\">Konfigurator Mebli 3D<\/h4>\n\n\n\n<p style=\"font-size:22px\">Pozwala zamawia\u0107 gotowe i powiercone formatki bez ich r\u0119cznego rozpisywania, dzi\u0119ki czemu mo\u017cna unikn\u0105\u0107 cz\u0119stych b\u0142\u0119d\u00f3w. A dodatkowo skraca si\u0119 czas przygotowania zam\u00f3wienia. Zamawiaj\u0105cy wybiera mebel z katalogu i dostosowuje go do swoich potrzeb. Ka\u017cda zmiana jest jednocze\u015bnie przetwarzana automatycznie na dane cenowe i produkcyjne.<br>Sprawd\u017a mo\u017cliwo\u015bci Konfiguratora w wersji <a href=\"http:\/\/meble.mobi\">DEMO<\/a>.<\/p>\n<\/div>\n<\/div>\n\n\n\n<div style=\"height:40px\" aria-hidden=\"true\" class=\"wp-block-spacer\"><\/div>\n\n\n\n<div class=\"wp-block-columns is-layout-flex wp-container-core-columns-is-layout-9d6595d7 wp-block-columns-is-layout-flex\">\n<div class=\"wp-block-column is-vertically-aligned-center is-layout-flow wp-block-column-is-layout-flow\">\n<h4 class=\"wp-block-heading has-large-font-size\">Konfigurator Formatek Online<\/h4>\n\n\n\n<p style=\"font-size:22px\">Pozwala szybko utworzy\u0107 ich list\u0119 z uwzgl\u0119dnieniem wymiar\u00f3w, oklein i us\u0142ojenia. Przeznaczony jest dla tych klient\u00f3w i producent\u00f3w, kt\u00f3rzy chc\u0105 zam\u00f3wi\u0107 same formatki albo potrzebuj\u0105 dopisa\u0107 je do zam\u00f3wienia wcze\u015bniej skonfigurowanych kompletnych mebli. Wybieraj\u0105c rodzaj i kolor p\u0142yty meblowej oraz obrze\u017ce, rodzaj i kolor front\u00f3w, mamy mo\u017cliwo\u015b\u0107 szybkiego utworzenia uproszczonego zam\u00f3wienia w formie tabel online.<\/p>\n<\/div>\n\n\n\n<div class=\"wp-block-column is-layout-flow wp-block-column-is-layout-flow\"><div class=\"wp-block-image\">\n<figure class=\"aligncenter size-full is-resized\"><img decoding=\"async\" src=\"http:\/\/vario.mobi\/wp-content\/uploads\/2023\/05\/Zrzut-ekranu-81.png\" alt=\"Konfigurator Formatek Online Pozwala szybko utworzy\u0107 ich list\u0119 z uwzgl\u0119dnieniem wymiar\u00f3w, oklein i us\u0142ojenia. \" class=\"wp-image-448\" width=\"474\" height=\"413\" srcset=\"https:\/\/abrys.com.pl\/wp-content\/uploads\/2023\/05\/Zrzut-ekranu-81.png 1003w, https:\/\/abrys.com.pl\/wp-content\/uploads\/2023\/05\/Zrzut-ekranu-81-300x262.png 300w, https:\/\/abrys.com.pl\/wp-content\/uploads\/2023\/05\/Zrzut-ekranu-81-768x671.png 768w\" sizes=\"(max-width: 474px) 100vw, 474px\" \/><\/figure>\n<\/div><\/div>\n<\/div>\n\n\n\n<div style=\"height:40px\" aria-hidden=\"true\" class=\"wp-block-spacer\"><\/div>\n\n\n\n<div class=\"wp-block-columns is-layout-flex wp-container-core-columns-is-layout-9d6595d7 wp-block-columns-is-layout-flex\">\n<div class=\"wp-block-column is-layout-flow wp-block-column-is-layout-flow\"><div class=\"wp-block-image\">\n<figure class=\"aligncenter size-large\"><img loading=\"lazy\" decoding=\"async\" width=\"1024\" height=\"692\" src=\"http:\/\/vario.mobi\/wp-content\/uploads\/2023\/05\/Zrzut-ekranu-81-1-1024x692.png\" alt=\"Abrys SysTEM - Oprogramowanie do produkcji mebli. Zamawiaj\u0105cy ma wgl\u0105d we wszystkie swoje zam\u00f3wienia oraz mo\u017cliwo\u015b\u0107 ich zmiany, je\u015bli nie zosta\u0142y jeszcze przekazane do realizacji. \" class=\"wp-image-537\" srcset=\"https:\/\/abrys.com.pl\/wp-content\/uploads\/2023\/05\/Zrzut-ekranu-81-1-1024x692.png 1024w, https:\/\/abrys.com.pl\/wp-content\/uploads\/2023\/05\/Zrzut-ekranu-81-1-300x203.png 300w, https:\/\/abrys.com.pl\/wp-content\/uploads\/2023\/05\/Zrzut-ekranu-81-1-768x519.png 768w, https:\/\/abrys.com.pl\/wp-content\/uploads\/2023\/05\/Zrzut-ekranu-81-1.png 1375w\" sizes=\"(max-width: 1024px) 100vw, 1024px\" \/><\/figure>\n<\/div><\/div>\n\n\n\n<div class=\"wp-block-column is-vertically-aligned-center is-layout-flow wp-block-column-is-layout-flow\">\n<h4 class=\"wp-block-heading has-large-font-size\">Rejestr Zam\u00f3wie\u0144<\/h4>\n\n\n\n<p style=\"font-size:22px\">Utworzone zam\u00f3wienia trafiaj\u0105 na list\u0119 zlece\u0144. Uprawniony handlowiec hurtowni widzi wszystkie zam\u00f3wienia Kontrahent\u00f3w, kt\u00f3rzy s\u0105 pod jego opiek\u0105. Zamawiaj\u0105cy tak\u017ce ma wgl\u0105d we wszystkie swoje zam\u00f3wienia oraz mo\u017cliwo\u015b\u0107 ich zmiany, je\u015bli nie zosta\u0142y jeszcze przekazane do realizacji. W jednym zam\u00f3wieniu\/koszyku mo\u017cna zawrze\u0107 wszystkie materia\u0142y potrzebne dla danego projektu.<\/p>\n<\/div>\n<\/div>\n\n\n\n<div style=\"height:40px\" aria-hidden=\"true\" class=\"wp-block-spacer\"><\/div>\n\n\n\n<div class=\"wp-block-columns is-layout-flex wp-container-core-columns-is-layout-9d6595d7 wp-block-columns-is-layout-flex\">\n<div class=\"wp-block-column is-vertically-aligned-center is-layout-flow wp-block-column-is-layout-flow\">\n<h4 class=\"wp-block-heading has-large-font-size\">Teczka Projektu<\/h4>\n\n\n\n<p style=\"font-size:22px\">Pozwala zapisa\u0107 wszystkie powi\u0105zane notatki, uzgodnienia oraz za\u0142\u0105czy\u0107 rysunki z pomiar\u00f3w czy dokumentacj\u0119 fotograficzn\u0105, umow\u0119 z Klientem czy inne dokumenty projektu i uzgodnienia. W ten spos\u00f3b kompletna dokumentacja projektu jest sk\u0142adowana w jednym miejscu, a zarazem dost\u0119pna dla wszystkich uprawnionych pracownik\u00f3w.<\/p>\n<\/div>\n\n\n\n<div class=\"wp-block-column is-layout-flow wp-block-column-is-layout-flow\"><div class=\"wp-block-image\">\n<figure class=\"aligncenter size-large\"><img loading=\"lazy\" decoding=\"async\" width=\"1024\" height=\"703\" src=\"http:\/\/vario.mobi\/wp-content\/uploads\/2023\/05\/Zrzut-ekranu-82-1024x703.png\" alt=\"Abrys SysTEM - Oprogramowanie do produkcji mebli. Teczka projektu pozwala stworzy\u0107 kompletn\u0105 dokumentacj\u0119 projektu.\" class=\"wp-image-538\" srcset=\"https:\/\/abrys.com.pl\/wp-content\/uploads\/2023\/05\/Zrzut-ekranu-82-1024x703.png 1024w, https:\/\/abrys.com.pl\/wp-content\/uploads\/2023\/05\/Zrzut-ekranu-82-300x206.png 300w, https:\/\/abrys.com.pl\/wp-content\/uploads\/2023\/05\/Zrzut-ekranu-82-768x527.png 768w, https:\/\/abrys.com.pl\/wp-content\/uploads\/2023\/05\/Zrzut-ekranu-82.png 1026w\" sizes=\"(max-width: 1024px) 100vw, 1024px\" \/><\/figure>\n<\/div><\/div>\n<\/div>\n\n\n\n<div style=\"height:40px\" aria-hidden=\"true\" class=\"wp-block-spacer\"><\/div>\n\n\n\n<div class=\"wp-block-columns is-layout-flex wp-container-core-columns-is-layout-9d6595d7 wp-block-columns-is-layout-flex\">\n<div class=\"wp-block-column is-layout-flow wp-block-column-is-layout-flow\"><div class=\"wp-block-image\">\n<figure class=\"aligncenter size-full is-resized\"><img loading=\"lazy\" decoding=\"async\" src=\"http:\/\/vario.mobi\/wp-content\/uploads\/2023\/05\/Projekt-bez-tytulu-3.png\" alt=\"Abrys SysTEM - Oprogramowanie do produkcji mebli umo\u017cliwia optymalizacj\u0119 planu ci\u0119cia p\u0142yty.\" class=\"wp-image-440\" width=\"510\" height=\"507\"\/><\/figure>\n<\/div><\/div>\n\n\n\n<div class=\"wp-block-column is-vertically-aligned-center is-layout-flow wp-block-column-is-layout-flow\">\n<h4 class=\"wp-block-heading has-large-font-size\">Rozkr\u00f3j Online<\/h4>\n\n\n\n<p style=\"font-size:22px\">W kilkadziesi\u0105t sekund dokonuje optymalizacji planu ci\u0119cia p\u0142yty wszystkich u\u017cytych w zam\u00f3wieniu materia\u0142\u00f3w. W trakcie zamawiania producent ma mo\u017cliwo\u015b\u0107 szybkiego sprawdzenia stopnia wykorzystania zamawianych arkuszy p\u0142yty. Je\u015bli uzna, \u017ce wykorzystanie arkuszy nie jest wystarczaj\u0105ce, mo\u017ce zmodyfikowa\u0107 zam\u00f3wienie dodaj\u0105c lub odejmuj\u0105c poszczeg\u00f3lne elementy, czy zmieniaj\u0105c ich wymiary.<\/p>\n<\/div>\n<\/div>\n\n\n\n<div style=\"height:40px\" aria-hidden=\"true\" class=\"wp-block-spacer\"><\/div>\n\n\n\n<div class=\"wp-block-columns is-layout-flex wp-container-core-columns-is-layout-9d6595d7 wp-block-columns-is-layout-flex\">\n<div class=\"wp-block-column is-vertically-aligned-center is-layout-flow wp-block-column-is-layout-flow\">\n<h4 class=\"wp-block-heading has-large-font-size\">Etykiety i Kody Kreskowe \/ QR<\/h4>\n\n\n\n<p style=\"font-size:21px\">Ka\u017cda produkowana formatka ma sw\u00f3j unikalny numer w systemie, zapisany na etykiecie w formie kodu kreskowego lub QR. Etykieta formatki to rodzaj jej paszportu. Prowadzi j\u0105 przez wszystkie etapy produkcji \u2013 od rozkroju a\u017c do monta\u017cu. Etykieta zawiera wszystkie niezb\u0119dne dane do identyfikacji formatki, a tak\u017ce instrukcje dla pracownik\u00f3w produkcji i monta\u017cu (np. na jak\u0105 maszyn\u0119 ma trafi\u0107, jak ma by\u0107 na niej zamocowana, czy gdzie zamontowana).<\/p>\n<\/div>\n\n\n\n<div class=\"wp-block-column is-vertically-aligned-center is-layout-flow wp-block-column-is-layout-flow\"><div class=\"wp-block-image\">\n<figure class=\"aligncenter size-full is-resized\"><img loading=\"lazy\" decoding=\"async\" src=\"http:\/\/vario.mobi\/wp-content\/uploads\/2023\/05\/Co-wyroznia-konfigurator-mebli-3d.png\" alt=\"Abrys SysTEM - Oprogramowanie do produkcji mebli pozwala wygenerowa\u0107 etykiety formatki w formie kodu kreskowego lub kodu QR\" class=\"wp-image-540\" width=\"471\" height=\"331\" srcset=\"https:\/\/abrys.com.pl\/wp-content\/uploads\/2023\/05\/Co-wyroznia-konfigurator-mebli-3d.png 839w, https:\/\/abrys.com.pl\/wp-content\/uploads\/2023\/05\/Co-wyroznia-konfigurator-mebli-3d-300x212.png 300w, https:\/\/abrys.com.pl\/wp-content\/uploads\/2023\/05\/Co-wyroznia-konfigurator-mebli-3d-768x542.png 768w\" sizes=\"(max-width: 471px) 100vw, 471px\" \/><\/figure>\n<\/div><\/div>\n<\/div>\n\n\n\n<div style=\"height:40px\" aria-hidden=\"true\" class=\"wp-block-spacer\"><\/div>\n\n\n\n<div class=\"wp-block-cover alignfull is-light\" style=\"min-height:331px;aspect-ratio:unset;\"><span aria-hidden=\"true\" class=\"wp-block-cover__background has-nv-site-bg-background-color has-background-dim-0 has-background-dim\"><\/span><img loading=\"lazy\" decoding=\"async\" width=\"2560\" height=\"1087\" class=\"wp-block-cover__image-background wp-image-476\" alt=\"\" src=\"http:\/\/vario.mobi\/wp-content\/uploads\/2023\/05\/Tlo_jaroslaw.grycaj-scaled.jpg\" data-object-fit=\"cover\" srcset=\"https:\/\/abrys.com.pl\/wp-content\/uploads\/2023\/05\/Tlo_jaroslaw.grycaj-scaled.jpg 2560w, https:\/\/abrys.com.pl\/wp-content\/uploads\/2023\/05\/Tlo_jaroslaw.grycaj-300x127.jpg 300w, https:\/\/abrys.com.pl\/wp-content\/uploads\/2023\/05\/Tlo_jaroslaw.grycaj-1024x435.jpg 1024w, https:\/\/abrys.com.pl\/wp-content\/uploads\/2023\/05\/Tlo_jaroslaw.grycaj-768x326.jpg 768w, https:\/\/abrys.com.pl\/wp-content\/uploads\/2023\/05\/Tlo_jaroslaw.grycaj-1536x652.jpg 1536w, https:\/\/abrys.com.pl\/wp-content\/uploads\/2023\/05\/Tlo_jaroslaw.grycaj-2048x870.jpg 2048w\" sizes=\"(max-width: 2560px) 100vw, 2560px\" \/><div class=\"wp-block-cover__inner-container is-layout-flow wp-block-cover-is-layout-flow\">\n<h2 class=\"wp-block-heading has-text-align-center has-nv-site-bg-color has-text-color\">Sprawd\u017a pozosta\u0142e mo\u017cliwo\u015bci<\/h2>\n\n\n\n<p class=\"has-text-align-center has-nv-site-bg-color has-text-color\">Oferujemy bezp\u0142atne prezentacje programu i wszystkich jego funkcji online i na \u017cywo.<\/p>\n\n\n\n<div class=\"wp-block-buttons is-horizontal is-content-justification-center is-layout-flex wp-container-core-buttons-is-layout-499968f5 wp-block-buttons-is-layout-flex\">\n<div class=\"wp-block-button has-custom-font-size is-style-primary has-medium-font-size\"><a class=\"wp-block-button__link has-nv-site-bg-background-color has-text-color has-background wp-element-button\" href=\"\" style=\"border-radius:0px;color:#09336d\" target=\"_blank\" rel=\"noreferrer noopener\">Dowiedz si\u0119 wi\u0119cej<\/a><\/div>\n<\/div>\n<\/div><\/div>\n\n\n\n<div style=\"height:40px\" aria-hidden=\"true\" class=\"wp-block-spacer\"><\/div>\n","protected":false},"excerpt":{"rendered":"<p>Oprogramowanie do produkcji mebli Abrys SysTEM To tw\u00f3j asystent do zarz\u0105dzania wszystkimi procesami w firmie.Niezale\u017cnie jak du\u017ca jest Twoja firma, nasze oprogramowanie do produkcji mebli pomo\u017ce Ci zwi\u0119kszy\u0107 mar\u017cowo\u015b\u0107 produkcji, bez konieczno\u015bci ponoszenia wi\u0119kszych koszt\u00f3w. Konfigurator Mebli 3D Pozwala zamawia\u0107 gotowe i powiercone formatki bez ich r\u0119cznego rozpisywania, dzi\u0119ki czemu mo\u017cna unikn\u0105\u0107 cz\u0119stych b\u0142\u0119d\u00f3w. A&hellip;&nbsp;<a href=\"https:\/\/abrys.com.pl\/?page_id=393\" class=\"\" rel=\"bookmark\">Czytaj dalej &raquo;<span class=\"screen-reader-text\">O programie<\/span><\/a><\/p>\n","protected":false},"author":1,"featured_media":0,"parent":0,"menu_order":0,"comment_status":"closed","ping_status":"closed","template":"","meta":{"neve_meta_sidebar":"","neve_meta_container":"contained","neve_meta_enable_content_width":"on","neve_meta_content_width":100,"neve_meta_title_alignment":"","neve_meta_author_avatar":"","neve_post_elements_order":"","neve_meta_disable_header":"","neve_meta_disable_footer":"","neve_meta_disable_title":"on","_themeisle_gutenberg_block_has_review":false,"footnotes":""},"class_list":["post-393","page","type-page","status-publish","hentry"],"yoast_head":"<!-- This site is optimized with the Yoast SEO plugin v25.5 - https:\/\/yoast.com\/wordpress\/plugins\/seo\/ -->\n<title>O programie - Abrys System - oprogramowanie do produkcji mebli<\/title>\n<meta name=\"description\" content=\"Abrys SysTEM to nie tylko oprogramowanie do produkcji mebli. To tw\u00f3j asystent do zarz\u0105dzania wszystkimi procesami w firmie.\" \/>\n<meta name=\"robots\" content=\"index, follow, max-snippet:-1, max-image-preview:large, max-video-preview:-1\" \/>\n<link rel=\"canonical\" href=\"https:\/\/abrys.com.pl\/?page_id=393\" \/>\n<meta property=\"og:locale\" content=\"pl_PL\" \/>\n<meta property=\"og:type\" content=\"article\" \/>\n<meta property=\"og:title\" content=\"O programie - Abrys System - oprogramowanie do produkcji mebli\" \/>\n<meta property=\"og:description\" content=\"Abrys SysTEM to nie tylko oprogramowanie do produkcji mebli. To tw\u00f3j asystent do zarz\u0105dzania wszystkimi procesami w firmie.\" \/>\n<meta property=\"og:url\" content=\"https:\/\/abrys.com.pl\/?page_id=393\" \/>\n<meta property=\"og:site_name\" content=\"Abrys System - oprogramowanie do produkcji mebli\" \/>\n<meta property=\"article:publisher\" content=\"https:\/\/www.facebook.com\/ABRYS.SYSTEMS\" \/>\n<meta property=\"article:modified_time\" content=\"2023-07-31T10:37:22+00:00\" \/>\n<meta property=\"og:image\" content=\"http:\/\/vario.mobi\/wp-content\/uploads\/2023\/05\/Slider_ABRYS_04.jpg\" \/>\n<meta name=\"twitter:card\" content=\"summary_large_image\" \/>\n<meta name=\"twitter:label1\" content=\"Szacowany czas czytania\" \/>\n\t<meta name=\"twitter:data1\" content=\"4 minuty\" \/>\n<script type=\"application\/ld+json\" class=\"yoast-schema-graph\">{\"@context\":\"https:\/\/schema.org\",\"@graph\":[{\"@type\":\"WebPage\",\"@id\":\"https:\/\/abrys.com.pl\/?page_id=393\",\"url\":\"https:\/\/abrys.com.pl\/?page_id=393\",\"name\":\"O programie - Abrys System - oprogramowanie do produkcji mebli\",\"isPartOf\":{\"@id\":\"https:\/\/abrys.com.pl\/#website\"},\"primaryImageOfPage\":{\"@id\":\"https:\/\/abrys.com.pl\/?page_id=393#primaryimage\"},\"image\":{\"@id\":\"https:\/\/abrys.com.pl\/?page_id=393#primaryimage\"},\"thumbnailUrl\":\"http:\/\/vario.mobi\/wp-content\/uploads\/2023\/05\/Slider_ABRYS_04.jpg\",\"datePublished\":\"2021-10-14T11:41:21+00:00\",\"dateModified\":\"2023-07-31T10:37:22+00:00\",\"description\":\"Abrys SysTEM to nie tylko oprogramowanie do produkcji mebli. To tw\u00f3j asystent do zarz\u0105dzania wszystkimi procesami w firmie.\",\"breadcrumb\":{\"@id\":\"https:\/\/abrys.com.pl\/?page_id=393#breadcrumb\"},\"inLanguage\":\"pl-PL\",\"potentialAction\":[{\"@type\":\"ReadAction\",\"target\":[\"https:\/\/abrys.com.pl\/?page_id=393\"]}]},{\"@type\":\"ImageObject\",\"inLanguage\":\"pl-PL\",\"@id\":\"https:\/\/abrys.com.pl\/?page_id=393#primaryimage\",\"url\":\"http:\/\/vario.mobi\/wp-content\/uploads\/2023\/05\/Slider_ABRYS_04.jpg\",\"contentUrl\":\"http:\/\/vario.mobi\/wp-content\/uploads\/2023\/05\/Slider_ABRYS_04.jpg\"},{\"@type\":\"BreadcrumbList\",\"@id\":\"https:\/\/abrys.com.pl\/?page_id=393#breadcrumb\",\"itemListElement\":[{\"@type\":\"ListItem\",\"position\":1,\"name\":\"Home\",\"item\":\"https:\/\/abrys.com.pl\/\"},{\"@type\":\"ListItem\",\"position\":2,\"name\":\"O programie\"}]},{\"@type\":\"WebSite\",\"@id\":\"https:\/\/abrys.com.pl\/#website\",\"url\":\"https:\/\/abrys.com.pl\/\",\"name\":\"Abrys System - oprogramowanie do produkcji mebli\",\"description\":\"Projekt i produkcja mebli w jednym miejscu. 100% online\",\"publisher\":{\"@id\":\"https:\/\/abrys.com.pl\/#organization\"},\"potentialAction\":[{\"@type\":\"SearchAction\",\"target\":{\"@type\":\"EntryPoint\",\"urlTemplate\":\"https:\/\/abrys.com.pl\/?s={search_term_string}\"},\"query-input\":{\"@type\":\"PropertyValueSpecification\",\"valueRequired\":true,\"valueName\":\"search_term_string\"}}],\"inLanguage\":\"pl-PL\"},{\"@type\":\"Organization\",\"@id\":\"https:\/\/abrys.com.pl\/#organization\",\"name\":\"Abrys System - oprogramowanie do produkcji mebli\",\"url\":\"https:\/\/abrys.com.pl\/\",\"logo\":{\"@type\":\"ImageObject\",\"inLanguage\":\"pl-PL\",\"@id\":\"https:\/\/abrys.com.pl\/#\/schema\/logo\/image\/\",\"url\":\"http:\/\/vario.mobi\/wp-content\/uploads\/2023\/05\/Projekt-bez-tytulu.png\",\"contentUrl\":\"http:\/\/vario.mobi\/wp-content\/uploads\/2023\/05\/Projekt-bez-tytulu.png\",\"width\":940,\"height\":788,\"caption\":\"Abrys System - oprogramowanie do produkcji mebli\"},\"image\":{\"@id\":\"https:\/\/abrys.com.pl\/#\/schema\/logo\/image\/\"},\"sameAs\":[\"https:\/\/www.facebook.com\/ABRYS.SYSTEMS\",\"https:\/\/www.youtube.com\/@AbrysFusion\"]}]}<\/script>\n<!-- \/ Yoast SEO plugin. -->","yoast_head_json":{"title":"O programie - Abrys System - oprogramowanie do produkcji mebli","description":"Abrys SysTEM to nie tylko oprogramowanie do produkcji mebli. To tw\u00f3j asystent do zarz\u0105dzania wszystkimi procesami w firmie.","robots":{"index":"index","follow":"follow","max-snippet":"max-snippet:-1","max-image-preview":"max-image-preview:large","max-video-preview":"max-video-preview:-1"},"canonical":"https:\/\/abrys.com.pl\/?page_id=393","og_locale":"pl_PL","og_type":"article","og_title":"O programie - Abrys System - oprogramowanie do produkcji mebli","og_description":"Abrys SysTEM to nie tylko oprogramowanie do produkcji mebli. To tw\u00f3j asystent do zarz\u0105dzania wszystkimi procesami w firmie.","og_url":"https:\/\/abrys.com.pl\/?page_id=393","og_site_name":"Abrys System - oprogramowanie do produkcji mebli","article_publisher":"https:\/\/www.facebook.com\/ABRYS.SYSTEMS","article_modified_time":"2023-07-31T10:37:22+00:00","og_image":[{"url":"http:\/\/vario.mobi\/wp-content\/uploads\/2023\/05\/Slider_ABRYS_04.jpg","type":"","width":"","height":""}],"twitter_card":"summary_large_image","twitter_misc":{"Szacowany czas czytania":"4 minuty"},"schema":{"@context":"https:\/\/schema.org","@graph":[{"@type":"WebPage","@id":"https:\/\/abrys.com.pl\/?page_id=393","url":"https:\/\/abrys.com.pl\/?page_id=393","name":"O programie - Abrys System - oprogramowanie do produkcji mebli","isPartOf":{"@id":"https:\/\/abrys.com.pl\/#website"},"primaryImageOfPage":{"@id":"https:\/\/abrys.com.pl\/?page_id=393#primaryimage"},"image":{"@id":"https:\/\/abrys.com.pl\/?page_id=393#primaryimage"},"thumbnailUrl":"http:\/\/vario.mobi\/wp-content\/uploads\/2023\/05\/Slider_ABRYS_04.jpg","datePublished":"2021-10-14T11:41:21+00:00","dateModified":"2023-07-31T10:37:22+00:00","description":"Abrys SysTEM to nie tylko oprogramowanie do produkcji mebli. To tw\u00f3j asystent do zarz\u0105dzania wszystkimi procesami w firmie.","breadcrumb":{"@id":"https:\/\/abrys.com.pl\/?page_id=393#breadcrumb"},"inLanguage":"pl-PL","potentialAction":[{"@type":"ReadAction","target":["https:\/\/abrys.com.pl\/?page_id=393"]}]},{"@type":"ImageObject","inLanguage":"pl-PL","@id":"https:\/\/abrys.com.pl\/?page_id=393#primaryimage","url":"http:\/\/vario.mobi\/wp-content\/uploads\/2023\/05\/Slider_ABRYS_04.jpg","contentUrl":"http:\/\/vario.mobi\/wp-content\/uploads\/2023\/05\/Slider_ABRYS_04.jpg"},{"@type":"BreadcrumbList","@id":"https:\/\/abrys.com.pl\/?page_id=393#breadcrumb","itemListElement":[{"@type":"ListItem","position":1,"name":"Home","item":"https:\/\/abrys.com.pl\/"},{"@type":"ListItem","position":2,"name":"O programie"}]},{"@type":"WebSite","@id":"https:\/\/abrys.com.pl\/#website","url":"https:\/\/abrys.com.pl\/","name":"Abrys System - oprogramowanie do produkcji mebli","description":"Projekt i produkcja mebli w jednym miejscu. 100% online","publisher":{"@id":"https:\/\/abrys.com.pl\/#organization"},"potentialAction":[{"@type":"SearchAction","target":{"@type":"EntryPoint","urlTemplate":"https:\/\/abrys.com.pl\/?s={search_term_string}"},"query-input":{"@type":"PropertyValueSpecification","valueRequired":true,"valueName":"search_term_string"}}],"inLanguage":"pl-PL"},{"@type":"Organization","@id":"https:\/\/abrys.com.pl\/#organization","name":"Abrys System - oprogramowanie do produkcji mebli","url":"https:\/\/abrys.com.pl\/","logo":{"@type":"ImageObject","inLanguage":"pl-PL","@id":"https:\/\/abrys.com.pl\/#\/schema\/logo\/image\/","url":"http:\/\/vario.mobi\/wp-content\/uploads\/2023\/05\/Projekt-bez-tytulu.png","contentUrl":"http:\/\/vario.mobi\/wp-content\/uploads\/2023\/05\/Projekt-bez-tytulu.png","width":940,"height":788,"caption":"Abrys System - oprogramowanie do produkcji mebli"},"image":{"@id":"https:\/\/abrys.com.pl\/#\/schema\/logo\/image\/"},"sameAs":["https:\/\/www.facebook.com\/ABRYS.SYSTEMS","https:\/\/www.youtube.com\/@AbrysFusion"]}]}},"_links":{"self":[{"href":"https:\/\/abrys.com.pl\/index.php?rest_route=\/wp\/v2\/pages\/393","targetHints":{"allow":["GET"]}}],"collection":[{"href":"https:\/\/abrys.com.pl\/index.php?rest_route=\/wp\/v2\/pages"}],"about":[{"href":"https:\/\/abrys.com.pl\/index.php?rest_route=\/wp\/v2\/types\/page"}],"author":[{"embeddable":true,"href":"https:\/\/abrys.com.pl\/index.php?rest_route=\/wp\/v2\/users\/1"}],"replies":[{"embeddable":true,"href":"https:\/\/abrys.com.pl\/index.php?rest_route=%2Fwp%2Fv2%2Fcomments&post=393"}],"version-history":[{"count":16,"href":"https:\/\/abrys.com.pl\/index.php?rest_route=\/wp\/v2\/pages\/393\/revisions"}],"predecessor-version":[{"id":691,"href":"https:\/\/abrys.com.pl\/index.php?rest_route=\/wp\/v2\/pages\/393\/revisions\/691"}],"wp:attachment":[{"href":"https:\/\/abrys.com.pl\/index.php?rest_route=%2Fwp%2Fv2%2Fmedia&parent=393"}],"curies":[{"name":"wp","href":"https:\/\/api.w.org\/{rel}","templated":true}]}}