{"id":46,"date":"2021-02-16T11:44:42","date_gmt":"2021-02-16T10:44:42","guid":{"rendered":"https:\/\/demosites.io\/neve-3\/?page_id=46"},"modified":"2025-07-30T17:22:46","modified_gmt":"2025-07-30T15:22:46","slug":"strona-glowna","status":"publish","type":"page","link":"https:\/\/abrys.com.pl\/","title":{"rendered":"Strona g\u0142\u00f3wna"},"content":{"rendered":"\n<figure class=\"wp-block-image alignfull\"><img fetchpriority=\"high\" decoding=\"async\" width=\"1024\" height=\"331\" src=\"https:\/\/abrys.com.pl\/wp-content\/uploads\/2023\/05\/Slider_ABRYS_03-1024x331.jpg\" alt=\"Oprogramowanie do produkcji mebli\" class=\"wp-image-446\" srcset=\"https:\/\/abrys.com.pl\/wp-content\/uploads\/2023\/05\/Slider_ABRYS_03-1024x331.jpg 1024w, https:\/\/abrys.com.pl\/wp-content\/uploads\/2023\/05\/Slider_ABRYS_03-300x97.jpg 300w, https:\/\/abrys.com.pl\/wp-content\/uploads\/2023\/05\/Slider_ABRYS_03-768x248.jpg 768w, https:\/\/abrys.com.pl\/wp-content\/uploads\/2023\/05\/Slider_ABRYS_03-1536x496.jpg 1536w, https:\/\/abrys.com.pl\/wp-content\/uploads\/2023\/05\/Slider_ABRYS_03.jpg 1920w\" sizes=\"(max-width: 1024px) 100vw, 1024px\" \/><\/figure>\n\n\n\n<div style=\"height:65px\" aria-hidden=\"true\" class=\"wp-block-spacer\"><\/div>\n\n\n\n<div class=\"wp-block-columns is-layout-flex wp-container-core-columns-is-layout-9d6595d7 wp-block-columns-is-layout-flex\">\n<div class=\"wp-block-column is-vertically-aligned-center is-layout-flow wp-block-column-is-layout-flow\"><div class=\"wp-block-image\">\n<figure class=\"aligncenter size-full is-resized\"><img decoding=\"async\" width=\"800\" height=\"798\" src=\"https:\/\/abrys.com.pl\/wp-content\/uploads\/2023\/05\/Projekt-bez-tytulu-1.png\" alt=\"Projektowanie mebli kuchennych\" class=\"wp-image-438\" style=\"width:477px;height:auto\" srcset=\"https:\/\/abrys.com.pl\/wp-content\/uploads\/2023\/05\/Projekt-bez-tytulu-1.png 800w, https:\/\/abrys.com.pl\/wp-content\/uploads\/2023\/05\/Projekt-bez-tytulu-1-300x300.png 300w, https:\/\/abrys.com.pl\/wp-content\/uploads\/2023\/05\/Projekt-bez-tytulu-1-150x150.png 150w, https:\/\/abrys.com.pl\/wp-content\/uploads\/2023\/05\/Projekt-bez-tytulu-1-768x766.png 768w\" sizes=\"(max-width: 800px) 100vw, 800px\" \/><\/figure>\n<\/div><\/div>\n\n\n\n<div class=\"wp-block-column is-vertically-aligned-center is-layout-flow wp-block-column-is-layout-flow\">\n<h2 class=\"wp-block-heading has-neve-link-color-color has-text-color\" style=\"font-size:38px\">Produkuj szybciej. Dzia\u0142aj m\u0105drzej<\/h2>\n\n\n\n<p class=\"has-medium-font-size\" style=\"font-style:normal;font-weight:300\">ABRYS SYSTEM to kompleksowa platforma<br>wspieraj\u0105ca produkcj\u0119 mebli. Od<br>projektowania, przez konfiguracj\u0119, a\u017c po<br>automatyzacj\u0119 proces\u00f3w.<\/p>\n\n\n\n<p class=\"has-medium-font-size\" style=\"font-style:normal;font-weight:300\">\u0141\u0105czymy precyzj\u0119 z technologi\u0105, tworz\u0105c<br>przysz\u0142o\u015b\u0107 bran\u017cy.<\/p>\n\n\n\n<div style=\"height:29px\" aria-hidden=\"true\" class=\"wp-block-spacer\"><\/div>\n\n\n\n<div class=\"wp-block-buttons is-layout-flex wp-block-buttons-is-layout-flex\">\n<div class=\"wp-block-button has-custom-width wp-block-button__width-50 is-style-primary\"><a class=\"wp-block-button__link has-neve-link-color-background-color has-background has-medium-font-size has-custom-font-size wp-element-button\" href=\"http:\/\/vario.mobi\/?page_id=393\" style=\"border-radius:45px\" target=\"_blank\" rel=\"noreferrer noopener\">Dowiedz si\u0119 wi\u0119cej<\/a><\/div>\n<\/div>\n<\/div>\n<\/div>\n\n\n\n<div class=\"wp-block-columns is-layout-flex wp-container-core-columns-is-layout-9d6595d7 wp-block-columns-is-layout-flex\">\n<div class=\"wp-block-column is-layout-flow wp-block-column-is-layout-flow\" style=\"flex-basis:100%\">\n<div class=\"wp-block-columns is-layout-flex wp-container-core-columns-is-layout-9d6595d7 wp-block-columns-is-layout-flex\">\n<div class=\"wp-block-column is-layout-flow wp-block-column-is-layout-flow\" style=\"flex-basis:100%\">\n<div class=\"wp-block-group\"><div class=\"wp-block-group__inner-container is-layout-constrained wp-block-group-is-layout-constrained\">\n<div class=\"wp-block-columns is-layout-flex wp-container-core-columns-is-layout-9d6595d7 wp-block-columns-is-layout-flex\">\n<div class=\"wp-block-column is-layout-flow wp-block-column-is-layout-flow\" style=\"flex-basis:100%\"><\/div>\n<\/div>\n<\/div><\/div>\n<\/div>\n<\/div>\n<\/div>\n<\/div>\n\n\n\n<h2 class=\"wp-block-heading has-text-align-center has-neve-link-color-color has-text-color\">Co wyr\u00f3\u017cnia ABRYS SYSTEM:<\/h2>\n\n\n\n<div style=\"height:70px\" aria-hidden=\"true\" class=\"wp-block-spacer\"><\/div>\n\n\n\n<div class=\"wp-block-columns animated backInLeft is-layout-flex wp-container-core-columns-is-layout-9d6595d7 wp-block-columns-is-layout-flex\">\n<div class=\"wp-block-column is-layout-flow wp-block-column-is-layout-flow\"><div class=\"wp-block-image\">\n<figure class=\"aligncenter size-full\"><img decoding=\"async\" width=\"177\" height=\"177\" src=\"https:\/\/abrys.com.pl\/wp-content\/uploads\/2025\/07\/Dark-Blue-Gradient-Modern-Tech-Company-Presentation-7.png\" alt=\"\" class=\"wp-image-726\" srcset=\"https:\/\/abrys.com.pl\/wp-content\/uploads\/2025\/07\/Dark-Blue-Gradient-Modern-Tech-Company-Presentation-7.png 177w, https:\/\/abrys.com.pl\/wp-content\/uploads\/2025\/07\/Dark-Blue-Gradient-Modern-Tech-Company-Presentation-7-150x150.png 150w\" sizes=\"(max-width: 177px) 100vw, 177px\" \/><\/figure>\n<\/div>\n\n\n<h2 class=\"wp-block-heading has-text-align-center has-text-color has-link-color wp-elements-0b994cc04e815a24983ba46a51fe66a2\" style=\"color:#09366d\">Technologia AI<\/h2>\n\n\n\n<p class=\"has-text-align-center\" style=\"font-size:21px\">Realistyczne wizualizacje dzi\u0119ki wsparciu AI<\/p>\n<\/div>\n\n\n\n<div class=\"wp-block-column is-layout-flow wp-block-column-is-layout-flow\"><div class=\"wp-block-image\">\n<figure class=\"aligncenter size-full\"><img loading=\"lazy\" decoding=\"async\" width=\"177\" height=\"177\" src=\"https:\/\/abrys.com.pl\/wp-content\/uploads\/2025\/07\/Dark-Blue-Gradient-Modern-Tech-Company-Presentation-6.png\" alt=\"\" class=\"wp-image-727\" srcset=\"https:\/\/abrys.com.pl\/wp-content\/uploads\/2025\/07\/Dark-Blue-Gradient-Modern-Tech-Company-Presentation-6.png 177w, https:\/\/abrys.com.pl\/wp-content\/uploads\/2025\/07\/Dark-Blue-Gradient-Modern-Tech-Company-Presentation-6-150x150.png 150w\" sizes=\"(max-width: 177px) 100vw, 177px\" \/><\/figure>\n<\/div>\n\n\n<h2 class=\"wp-block-heading has-text-align-center has-text-color has-link-color wp-elements-42a7ea93fedd1f387ec7976b5b0265a1\" style=\"color:#09366d\">End to end solution<\/h2>\n\n\n\n<p class=\"has-text-align-center\" style=\"font-size:21px\">Jeden program &#8211; od pomys\u0142u, przez produkcj\u0119, po sprzeda\u017c<\/p>\n<\/div>\n\n\n\n<div class=\"wp-block-column is-layout-flow wp-block-column-is-layout-flow\"><div class=\"wp-block-image\">\n<figure class=\"aligncenter size-full\"><img loading=\"lazy\" decoding=\"async\" width=\"177\" height=\"177\" src=\"https:\/\/abrys.com.pl\/wp-content\/uploads\/2025\/07\/Dark-Blue-Gradient-Modern-Tech-Company-Presentation-5.png\" alt=\"\" class=\"wp-image-728\" srcset=\"https:\/\/abrys.com.pl\/wp-content\/uploads\/2025\/07\/Dark-Blue-Gradient-Modern-Tech-Company-Presentation-5.png 177w, https:\/\/abrys.com.pl\/wp-content\/uploads\/2025\/07\/Dark-Blue-Gradient-Modern-Tech-Company-Presentation-5-150x150.png 150w\" sizes=\"(max-width: 177px) 100vw, 177px\" \/><\/figure>\n<\/div>\n\n\n<h2 class=\"wp-block-heading has-text-align-center has-text-color has-link-color wp-elements-443f87b38324f44a69c3eed6533eb100\" style=\"color:#09366d\">100% online<\/h2>\n\n\n\n<p class=\"has-text-align-center\" style=\"font-size:21px\">Mo\u017cliwo\u015b\u0107 pracy w przegl\u0105darce z ka\u017cdego miejsca na \u015bwiecie<\/p>\n<\/div>\n<\/div>\n\n\n\n<div class=\"wp-block-group\"><div class=\"wp-block-group__inner-container is-layout-constrained wp-block-group-is-layout-constrained\">\n<div class=\"wp-block-columns is-layout-flex wp-container-core-columns-is-layout-9d6595d7 wp-block-columns-is-layout-flex\">\n<div class=\"wp-block-column is-layout-flow wp-block-column-is-layout-flow\" style=\"flex-basis:100%\"><\/div>\n<\/div>\n<\/div><\/div>\n\n\n\n<div style=\"height:0px\" aria-hidden=\"true\" class=\"wp-block-spacer\"><\/div>\n\n\n\n<div style=\"height:37px\" aria-hidden=\"true\" class=\"wp-block-spacer\"><\/div>\n\n\n\n<h2 class=\"wp-block-heading has-text-align-center has-text-color\" style=\"color:#09336d;font-size:35px\">Poznaj nasz PLANNER ONLINE<\/h2>\n\n\n\n<div style=\"height:43px\" aria-hidden=\"true\" class=\"wp-block-spacer\"><\/div>\n\n\n\n<figure class=\"wp-block-embed aligncenter is-type-video is-provider-youtube wp-block-embed-youtube wp-embed-aspect-16-9 wp-has-aspect-ratio animated backInRight\"><div class=\"wp-block-embed__wrapper\">\n<div class=\"nv-iframe-embed\"><iframe title=\"ABRYS SYSTEM - jeden program do automatyzacji produkcji\" width=\"1200\" height=\"675\" src=\"https:\/\/www.youtube.com\/embed\/9MGX81Xe8LA?feature=oembed\" frameborder=\"0\" allow=\"accelerometer; autoplay; clipboard-write; encrypted-media; gyroscope; picture-in-picture; web-share\" referrerpolicy=\"strict-origin-when-cross-origin\" allowfullscreen><\/iframe><\/div>\n<\/div><\/figure>\n\n\n\n<div style=\"height:70px\" aria-hidden=\"true\" class=\"wp-block-spacer\"><\/div>\n\n\n\n<p style=\"font-size:25px\">\ud83d\udee0\ufe0f Planner online \u2013 zaprojektuj, wyce\u0144 i przygotuj produkcj\u0119 w jednym miejscu<\/p>\n\n\n\n<p style=\"font-size:23px\">Zbuduj ca\u0142y projekt pomieszczenia \u2013 od mebli, przez rozmieszczenie, a\u017c po realistyczn\u0105 wizualizacj\u0119 AI.<br>Ka\u017cda zmiana to automatyczna aktualizacja wyceny i kompletne dane dla maszyn CNC.<br>Tw\u00f3rz szybciej, sprzedawaj sprawniej, produkuj bez b\u0142\u0119d\u00f3w.<\/p>\n\n\n\n<p style=\"font-size:22px\">\ud83c\udfa5 Sprawd\u017a, jak to dzia\u0142a w praktyce:<\/p>\n\n\n\n<p class=\"has-medium-font-size\"><br><\/p>\n\n\n\n<h2 class=\"wp-block-heading has-text-align-center has-text-color\" style=\"color:#09366d\"><br>Korzy\u015bci ABRYS SYSTEM<\/h2>\n\n\n\n<div class=\"wp-block-columns is-layout-flex wp-container-core-columns-is-layout-9d6595d7 wp-block-columns-is-layout-flex\">\n<div class=\"wp-block-column is-vertically-aligned-bottom is-layout-flow wp-block-column-is-layout-flow\"><div class=\"wp-block-image\">\n<figure class=\"aligncenter size-full is-resized\"><img loading=\"lazy\" decoding=\"async\" width=\"800\" height=\"798\" src=\"https:\/\/abrys.com.pl\/wp-content\/uploads\/2023\/05\/Projekt-bez-tytulu-5.png\" alt=\"Abrys SysTEM - oprogramowanie do produkcji mebli dost\u0119pne w 100% online.\" class=\"wp-image-442\" style=\"width:258px;height:auto\" srcset=\"https:\/\/abrys.com.pl\/wp-content\/uploads\/2023\/05\/Projekt-bez-tytulu-5.png 800w, https:\/\/abrys.com.pl\/wp-content\/uploads\/2023\/05\/Projekt-bez-tytulu-5-300x300.png 300w, https:\/\/abrys.com.pl\/wp-content\/uploads\/2023\/05\/Projekt-bez-tytulu-5-150x150.png 150w, https:\/\/abrys.com.pl\/wp-content\/uploads\/2023\/05\/Projekt-bez-tytulu-5-768x766.png 768w\" sizes=\"(max-width: 800px) 100vw, 800px\" \/><\/figure>\n<\/div>\n\n\n<h3 class=\"wp-block-heading has-text-align-center has-text-color\" style=\"color:#38b6ff\">Dost\u0119pny<\/h3>\n\n\n\n<p class=\"has-text-align-center\" style=\"font-size:19px\">100% online. Niezale\u017cnie od miejsca i czasu masz dost\u0119p przez dowoln\u0105 przegl\u0105dark\u0119 internetow\u0105 do wszystkich funkcji oprogramowania i ca\u0142o\u015bci danych o realizowanych zleceniach. <br><br><em>Przejmij kontrol\u0119 nad Twoj\u0105 Firm\u0105, <br>niezale\u017cnie od czasu i miejsca!<\/em><\/p>\n<\/div>\n\n\n\n<div class=\"wp-block-column is-vertically-aligned-bottom is-layout-flow wp-block-column-is-layout-flow\"><div class=\"wp-block-image\">\n<figure class=\"aligncenter size-full is-resized\"><img loading=\"lazy\" decoding=\"async\" width=\"800\" height=\"798\" src=\"https:\/\/abrys.com.pl\/wp-content\/uploads\/2023\/05\/Projekt-bez-tytulu-7.png\" alt=\"Abrys SysTEM - oprogramowanie do produkcji mebli pozwalaj\u0105ce na pe\u0142n\u0105 optymalizacj\u0119\" class=\"wp-image-444\" style=\"width:251px;height:auto\" srcset=\"https:\/\/abrys.com.pl\/wp-content\/uploads\/2023\/05\/Projekt-bez-tytulu-7.png 800w, https:\/\/abrys.com.pl\/wp-content\/uploads\/2023\/05\/Projekt-bez-tytulu-7-300x300.png 300w, https:\/\/abrys.com.pl\/wp-content\/uploads\/2023\/05\/Projekt-bez-tytulu-7-150x150.png 150w, https:\/\/abrys.com.pl\/wp-content\/uploads\/2023\/05\/Projekt-bez-tytulu-7-768x766.png 768w\" sizes=\"(max-width: 800px) 100vw, 800px\" \/><\/figure>\n<\/div>\n\n\n<h3 class=\"wp-block-heading has-text-align-center has-text-color\" style=\"color:#38b6ff\">Integralny<\/h3>\n\n\n\n<p class=\"has-text-align-center\" style=\"font-size:19px\">Nie kupuj, nie instaluj osobnych program\u00f3w. Nie martw si\u0119 o utrat\u0119 danych. ABRYS zapewnia kompleksow\u0105 obs\u0142ug\u0119 od projektowania i sprzeda\u017cy do produkcji i monta\u017cu gotowych mebli u Klienta. <br><br><em>Jedna firma<\/em>, <br><em>jedno kompletne rozwi\u0105zanie! <\/em><\/p>\n<\/div>\n\n\n\n<div class=\"wp-block-column is-vertically-aligned-bottom is-layout-flow wp-block-column-is-layout-flow\"><div class=\"wp-block-image\">\n<figure class=\"aligncenter size-full is-resized\"><img loading=\"lazy\" decoding=\"async\" width=\"800\" height=\"798\" src=\"https:\/\/abrys.com.pl\/wp-content\/uploads\/2023\/05\/Projekt-bez-tytulu-6.png\" alt=\"Abrys SysTEM - integralne oprogramowanie do produkcji mebli\" class=\"wp-image-443\" style=\"width:270px;height:auto\" srcset=\"https:\/\/abrys.com.pl\/wp-content\/uploads\/2023\/05\/Projekt-bez-tytulu-6.png 800w, https:\/\/abrys.com.pl\/wp-content\/uploads\/2023\/05\/Projekt-bez-tytulu-6-300x300.png 300w, https:\/\/abrys.com.pl\/wp-content\/uploads\/2023\/05\/Projekt-bez-tytulu-6-150x150.png 150w, https:\/\/abrys.com.pl\/wp-content\/uploads\/2023\/05\/Projekt-bez-tytulu-6-768x766.png 768w\" sizes=\"(max-width: 800px) 100vw, 800px\" \/><\/figure>\n<\/div>\n\n\n<h3 class=\"wp-block-heading has-text-align-center has-text-color\" style=\"color:#38b6ff\">Optymalny<\/h3>\n\n\n\n<p class=\"has-text-align-center\" style=\"font-size:19px\">SysTEM optymalizuje zu\u017cycie materia\u0142u i generuje instrukcje dla centr\u00f3w obr\u00f3bczych CNC. Przygotowuje szczeg\u00f3\u0142owe wykazy materia\u0142owe i instrukcje monta\u017cowe. Produkcja staje si\u0119 efektywna. <\/p>\n\n\n\n<p class=\"has-text-align-center\" style=\"font-size:19px\"><em>Oszcz\u0119dzasz <\/em><br><em>czas, \u015brodki i energi\u0119. <\/em><\/p>\n<\/div>\n<\/div>\n\n\n\n<div style=\"height:40px\" aria-hidden=\"true\" class=\"wp-block-spacer\"><\/div>\n\n\n\n<figure class=\"wp-block-gallery has-nested-images columns-default is-cropped wp-block-gallery-1 is-layout-flex wp-block-gallery-is-layout-flex\"><\/figure>\n","protected":false},"excerpt":{"rendered":"<p>Produkuj szybciej. Dzia\u0142aj m\u0105drzej ABRYS SYSTEM to kompleksowa platformawspieraj\u0105ca produkcj\u0119 mebli. Odprojektowania, przez konfiguracj\u0119, a\u017c poautomatyzacj\u0119 proces\u00f3w. \u0141\u0105czymy precyzj\u0119 z technologi\u0105, tworz\u0105cprzysz\u0142o\u015b\u0107 bran\u017cy. Co wyr\u00f3\u017cnia ABRYS SYSTEM: Technologia AI Realistyczne wizualizacje dzi\u0119ki wsparciu AI End to end solution Jeden program &#8211; od pomys\u0142u, przez produkcj\u0119, po sprzeda\u017c 100% online Mo\u017cliwo\u015b\u0107 pracy w przegl\u0105darce z ka\u017cdego&hellip;&nbsp;<a href=\"https:\/\/abrys.com.pl\/\" class=\"\" rel=\"bookmark\">Czytaj dalej &raquo;<span class=\"screen-reader-text\">Strona g\u0142\u00f3wna<\/span><\/a><\/p>\n","protected":false},"author":1,"featured_media":436,"parent":0,"menu_order":0,"comment_status":"closed","ping_status":"closed","template":"","meta":{"neve_meta_sidebar":"full-width","neve_meta_container":"contained","neve_meta_enable_content_width":"on","neve_meta_content_width":100,"neve_meta_title_alignment":"","neve_meta_author_avatar":"","neve_post_elements_order":"","neve_meta_disable_header":"","neve_meta_disable_footer":"","neve_meta_disable_title":"on","_themeisle_gutenberg_block_has_review":false,"footnotes":""},"class_list":["post-46","page","type-page","status-publish","has-post-thumbnail","hentry"],"yoast_head":"<!-- This site is optimized with the Yoast SEO plugin v25.5 - https:\/\/yoast.com\/wordpress\/plugins\/seo\/ -->\n<title>Strona g\u0142\u00f3wna - Abrys System - oprogramowanie do produkcji mebli<\/title>\n<meta name=\"description\" content=\"Oferujemy oprogramowanie do produkcji mebli. Z Abrys SysTEM zaprojektujesz, wycenisz i wyprodukujesz meble indywidualne.\" \/>\n<meta name=\"robots\" content=\"index, follow, max-snippet:-1, max-image-preview:large, max-video-preview:-1\" \/>\n<link rel=\"canonical\" href=\"https:\/\/abrys.com.pl\/\" \/>\n<meta property=\"og:locale\" content=\"pl_PL\" \/>\n<meta property=\"og:type\" content=\"article\" \/>\n<meta property=\"og:title\" content=\"Strona g\u0142\u00f3wna - Abrys System - oprogramowanie do produkcji mebli\" \/>\n<meta property=\"og:description\" content=\"Oferujemy oprogramowanie do produkcji mebli. Z Abrys SysTEM zaprojektujesz, wycenisz i wyprodukujesz meble indywidualne.\" \/>\n<meta property=\"og:url\" content=\"https:\/\/abrys.com.pl\/\" \/>\n<meta property=\"og:site_name\" content=\"Abrys System - oprogramowanie do produkcji mebli\" \/>\n<meta property=\"article:publisher\" content=\"https:\/\/www.facebook.com\/ABRYS.SYSTEMS\" \/>\n<meta property=\"article:modified_time\" content=\"2025-07-30T15:22:46+00:00\" \/>\n<meta property=\"og:image\" content=\"https:\/\/abrys.com.pl\/wp-content\/uploads\/2023\/05\/306784316_5740348865997395_2124178271745334517_n.jpg\" \/>\n\t<meta property=\"og:image:width\" content=\"1536\" \/>\n\t<meta property=\"og:image:height\" content=\"2048\" \/>\n\t<meta property=\"og:image:type\" content=\"image\/jpeg\" \/>\n<meta name=\"twitter:card\" content=\"summary_large_image\" \/>\n<meta name=\"twitter:label1\" content=\"Szacowany czas czytania\" \/>\n\t<meta name=\"twitter:data1\" content=\"4 minuty\" \/>\n<script type=\"application\/ld+json\" class=\"yoast-schema-graph\">{\"@context\":\"https:\/\/schema.org\",\"@graph\":[{\"@type\":\"WebPage\",\"@id\":\"https:\/\/abrys.com.pl\/\",\"url\":\"https:\/\/abrys.com.pl\/\",\"name\":\"Strona g\u0142\u00f3wna - Abrys System - oprogramowanie do produkcji mebli\",\"isPartOf\":{\"@id\":\"https:\/\/abrys.com.pl\/#website\"},\"primaryImageOfPage\":{\"@id\":\"https:\/\/abrys.com.pl\/#primaryimage\"},\"image\":{\"@id\":\"https:\/\/abrys.com.pl\/#primaryimage\"},\"thumbnailUrl\":\"https:\/\/abrys.com.pl\/wp-content\/uploads\/2023\/05\/306784316_5740348865997395_2124178271745334517_n.jpg\",\"datePublished\":\"2021-02-16T10:44:42+00:00\",\"dateModified\":\"2025-07-30T15:22:46+00:00\",\"description\":\"Oferujemy oprogramowanie do produkcji mebli. Z Abrys SysTEM zaprojektujesz, wycenisz i wyprodukujesz meble indywidualne.\",\"breadcrumb\":{\"@id\":\"https:\/\/abrys.com.pl\/#breadcrumb\"},\"inLanguage\":\"pl-PL\",\"potentialAction\":[{\"@type\":\"ReadAction\",\"target\":[\"https:\/\/abrys.com.pl\/\"]}]},{\"@type\":\"ImageObject\",\"inLanguage\":\"pl-PL\",\"@id\":\"https:\/\/abrys.com.pl\/#primaryimage\",\"url\":\"https:\/\/abrys.com.pl\/wp-content\/uploads\/2023\/05\/306784316_5740348865997395_2124178271745334517_n.jpg\",\"contentUrl\":\"https:\/\/abrys.com.pl\/wp-content\/uploads\/2023\/05\/306784316_5740348865997395_2124178271745334517_n.jpg\",\"width\":1536,\"height\":2048},{\"@type\":\"BreadcrumbList\",\"@id\":\"https:\/\/abrys.com.pl\/#breadcrumb\",\"itemListElement\":[{\"@type\":\"ListItem\",\"position\":1,\"name\":\"Home\",\"item\":\"https:\/\/abrys.com.pl\/\"},{\"@type\":\"ListItem\",\"position\":2,\"name\":\"Strona g\u0142\u00f3wna\"}]},{\"@type\":\"WebSite\",\"@id\":\"https:\/\/abrys.com.pl\/#website\",\"url\":\"https:\/\/abrys.com.pl\/\",\"name\":\"Abrys System - oprogramowanie do produkcji mebli\",\"description\":\"Projekt i produkcja mebli w jednym miejscu. 100% online\",\"publisher\":{\"@id\":\"https:\/\/abrys.com.pl\/#organization\"},\"potentialAction\":[{\"@type\":\"SearchAction\",\"target\":{\"@type\":\"EntryPoint\",\"urlTemplate\":\"https:\/\/abrys.com.pl\/?s={search_term_string}\"},\"query-input\":{\"@type\":\"PropertyValueSpecification\",\"valueRequired\":true,\"valueName\":\"search_term_string\"}}],\"inLanguage\":\"pl-PL\"},{\"@type\":\"Organization\",\"@id\":\"https:\/\/abrys.com.pl\/#organization\",\"name\":\"Abrys System - oprogramowanie do produkcji mebli\",\"url\":\"https:\/\/abrys.com.pl\/\",\"logo\":{\"@type\":\"ImageObject\",\"inLanguage\":\"pl-PL\",\"@id\":\"https:\/\/abrys.com.pl\/#\/schema\/logo\/image\/\",\"url\":\"http:\/\/vario.mobi\/wp-content\/uploads\/2023\/05\/Projekt-bez-tytulu.png\",\"contentUrl\":\"http:\/\/vario.mobi\/wp-content\/uploads\/2023\/05\/Projekt-bez-tytulu.png\",\"width\":940,\"height\":788,\"caption\":\"Abrys System - oprogramowanie do produkcji mebli\"},\"image\":{\"@id\":\"https:\/\/abrys.com.pl\/#\/schema\/logo\/image\/\"},\"sameAs\":[\"https:\/\/www.facebook.com\/ABRYS.SYSTEMS\",\"https:\/\/www.youtube.com\/@AbrysFusion\"]}]}<\/script>\n<!-- \/ Yoast SEO plugin. -->","yoast_head_json":{"title":"Strona g\u0142\u00f3wna - Abrys System - oprogramowanie do produkcji mebli","description":"Oferujemy oprogramowanie do produkcji mebli. Z Abrys SysTEM zaprojektujesz, wycenisz i wyprodukujesz meble indywidualne.","robots":{"index":"index","follow":"follow","max-snippet":"max-snippet:-1","max-image-preview":"max-image-preview:large","max-video-preview":"max-video-preview:-1"},"canonical":"https:\/\/abrys.com.pl\/","og_locale":"pl_PL","og_type":"article","og_title":"Strona g\u0142\u00f3wna - Abrys System - oprogramowanie do produkcji mebli","og_description":"Oferujemy oprogramowanie do produkcji mebli. Z Abrys SysTEM zaprojektujesz, wycenisz i wyprodukujesz meble indywidualne.","og_url":"https:\/\/abrys.com.pl\/","og_site_name":"Abrys System - oprogramowanie do produkcji mebli","article_publisher":"https:\/\/www.facebook.com\/ABRYS.SYSTEMS","article_modified_time":"2025-07-30T15:22:46+00:00","og_image":[{"width":1536,"height":2048,"url":"https:\/\/abrys.com.pl\/wp-content\/uploads\/2023\/05\/306784316_5740348865997395_2124178271745334517_n.jpg","type":"image\/jpeg"}],"twitter_card":"summary_large_image","twitter_misc":{"Szacowany czas czytania":"4 minuty"},"schema":{"@context":"https:\/\/schema.org","@graph":[{"@type":"WebPage","@id":"https:\/\/abrys.com.pl\/","url":"https:\/\/abrys.com.pl\/","name":"Strona g\u0142\u00f3wna - Abrys System - oprogramowanie do produkcji mebli","isPartOf":{"@id":"https:\/\/abrys.com.pl\/#website"},"primaryImageOfPage":{"@id":"https:\/\/abrys.com.pl\/#primaryimage"},"image":{"@id":"https:\/\/abrys.com.pl\/#primaryimage"},"thumbnailUrl":"https:\/\/abrys.com.pl\/wp-content\/uploads\/2023\/05\/306784316_5740348865997395_2124178271745334517_n.jpg","datePublished":"2021-02-16T10:44:42+00:00","dateModified":"2025-07-30T15:22:46+00:00","description":"Oferujemy oprogramowanie do produkcji mebli. Z Abrys SysTEM zaprojektujesz, wycenisz i wyprodukujesz meble indywidualne.","breadcrumb":{"@id":"https:\/\/abrys.com.pl\/#breadcrumb"},"inLanguage":"pl-PL","potentialAction":[{"@type":"ReadAction","target":["https:\/\/abrys.com.pl\/"]}]},{"@type":"ImageObject","inLanguage":"pl-PL","@id":"https:\/\/abrys.com.pl\/#primaryimage","url":"https:\/\/abrys.com.pl\/wp-content\/uploads\/2023\/05\/306784316_5740348865997395_2124178271745334517_n.jpg","contentUrl":"https:\/\/abrys.com.pl\/wp-content\/uploads\/2023\/05\/306784316_5740348865997395_2124178271745334517_n.jpg","width":1536,"height":2048},{"@type":"BreadcrumbList","@id":"https:\/\/abrys.com.pl\/#breadcrumb","itemListElement":[{"@type":"ListItem","position":1,"name":"Home","item":"https:\/\/abrys.com.pl\/"},{"@type":"ListItem","position":2,"name":"Strona g\u0142\u00f3wna"}]},{"@type":"WebSite","@id":"https:\/\/abrys.com.pl\/#website","url":"https:\/\/abrys.com.pl\/","name":"Abrys System - oprogramowanie do produkcji mebli","description":"Projekt i produkcja mebli w jednym miejscu. 100% online","publisher":{"@id":"https:\/\/abrys.com.pl\/#organization"},"potentialAction":[{"@type":"SearchAction","target":{"@type":"EntryPoint","urlTemplate":"https:\/\/abrys.com.pl\/?s={search_term_string}"},"query-input":{"@type":"PropertyValueSpecification","valueRequired":true,"valueName":"search_term_string"}}],"inLanguage":"pl-PL"},{"@type":"Organization","@id":"https:\/\/abrys.com.pl\/#organization","name":"Abrys System - oprogramowanie do produkcji mebli","url":"https:\/\/abrys.com.pl\/","logo":{"@type":"ImageObject","inLanguage":"pl-PL","@id":"https:\/\/abrys.com.pl\/#\/schema\/logo\/image\/","url":"http:\/\/vario.mobi\/wp-content\/uploads\/2023\/05\/Projekt-bez-tytulu.png","contentUrl":"http:\/\/vario.mobi\/wp-content\/uploads\/2023\/05\/Projekt-bez-tytulu.png","width":940,"height":788,"caption":"Abrys System - oprogramowanie do produkcji mebli"},"image":{"@id":"https:\/\/abrys.com.pl\/#\/schema\/logo\/image\/"},"sameAs":["https:\/\/www.facebook.com\/ABRYS.SYSTEMS","https:\/\/www.youtube.com\/@AbrysFusion"]}]}},"_links":{"self":[{"href":"https:\/\/abrys.com.pl\/index.php?rest_route=\/wp\/v2\/pages\/46","targetHints":{"allow":["GET"]}}],"collection":[{"href":"https:\/\/abrys.com.pl\/index.php?rest_route=\/wp\/v2\/pages"}],"about":[{"href":"https:\/\/abrys.com.pl\/index.php?rest_route=\/wp\/v2\/types\/page"}],"author":[{"embeddable":true,"href":"https:\/\/abrys.com.pl\/index.php?rest_route=\/wp\/v2\/users\/1"}],"replies":[{"embeddable":true,"href":"https:\/\/abrys.com.pl\/index.php?rest_route=%2Fwp%2Fv2%2Fcomments&post=46"}],"version-history":[{"count":61,"href":"https:\/\/abrys.com.pl\/index.php?rest_route=\/wp\/v2\/pages\/46\/revisions"}],"predecessor-version":[{"id":738,"href":"https:\/\/abrys.com.pl\/index.php?rest_route=\/wp\/v2\/pages\/46\/revisions\/738"}],"wp:featuredmedia":[{"embeddable":true,"href":"https:\/\/abrys.com.pl\/index.php?rest_route=\/wp\/v2\/media\/436"}],"wp:attachment":[{"href":"https:\/\/abrys.com.pl\/index.php?rest_route=%2Fwp%2Fv2%2Fmedia&parent=46"}],"curies":[{"name":"wp","href":"https:\/\/api.w.org\/{rel}","templated":true}]}}