{"id":582,"date":"2023-06-05T15:05:38","date_gmt":"2023-06-05T13:05:38","guid":{"rendered":"http:\/\/vario.mobi\/?page_id=582"},"modified":"2023-06-06T11:18:51","modified_gmt":"2023-06-06T09:18:51","slug":"o-nas","status":"publish","type":"page","link":"https:\/\/abrys.com.pl\/?page_id=582","title":{"rendered":"O nas"},"content":{"rendered":"\n<div class=\"wp-block-cover alignfull has-parallax\" style=\"min-height:266px;aspect-ratio:unset;\"><span aria-hidden=\"true\" class=\"wp-block-cover__background has-background-dim-0 has-background-dim\"><\/span><div role=\"img\" class=\"wp-block-cover__image-background wp-image-476 has-parallax\" style=\"background-position:50% 50%;background-image:url(http:\/\/vario.mobi\/wp-content\/uploads\/2023\/05\/Tlo_jaroslaw.grycaj-1024x435.jpg)\"><\/div><div class=\"wp-block-cover__inner-container is-layout-flow wp-block-cover-is-layout-flow\">\n<p class=\"has-text-align-center has-large-font-size\">ABRYS w kilku zdaniach<\/p>\n<\/div><\/div>\n\n\n\n<div class=\"wp-block-group\"><div class=\"wp-block-group__inner-container is-layout-constrained wp-block-group-is-layout-constrained\">\n<div style=\"height:100px\" aria-hidden=\"true\" class=\"wp-block-spacer\"><\/div>\n\n\n\n<p class=\"has-medium-font-size\">Nasza firma od 1997 roku dostarcza rozwi\u0105zania dla przemys\u0142u meblowego.\u00a0\u00a0<br>Nieustannie rozwijamy nasze rozwi\u0105zania i ich kolejne ich generacje.\u00a0Tworzymy i stosujemy najnowsze\u00a0technologie.\u00a0<br><br>Dzi\u0119ki temu nasze systemy gwarantuj\u0105 Klientom nowoczesno\u015b\u0107,\u00a0rozw\u00f3j i wzrost konkurencyjno\u015bci.\u00a0<br><br>Ch\u0119tnie dzielimy si\u0119 z Klientami\u00a0naszymi do\u015bwiadczeniami,\u00a0aby mogli wdra\u017ca\u0107 nowoczesne metody organizacji sprzeda\u017cy i produkcji mebli.\u00a0<br><br>Wspieramy naszych klient\u00f3w z Polski\u00a0i z innych kraj\u00f3w.<br><br>Razem z naszymi klientami wytyczamy nowe \u015bcie\u017cki rozwoju ich firm.\u00a0Do\u015bwiadczenia zdobyte we wsp\u00f3\u0142pracy z czo\u0142owymi firmami z ca\u0142ej Europy\u00a0wykorzystujemy we wspieraniu polskiego przemys\u0142u meblowego.\u00a0Dostosowujemy nasze rozwi\u0105zania do ich potrzeb\u00a0oraz do ci\u0105gle zmieniaj\u0105cych si\u0119 trend\u00f3w rynku meblarskiego.\u00a0Zapewniamy profesjonalne szkolenia\u00a0i pomoc techniczn\u0105\u00a0oraz szeroki wyb\u00f3r rozwi\u0105za\u0144 informatycznych\u00a0stworzonych przez nas\u00a0specjalnie na potrzeby rynku meblowego w Polsce.<\/p>\n\n\n\n<p><strong>Zapraszamy do wsp\u00f3\u0142pracy!<\/strong><\/p>\n<\/div><\/div>\n","protected":false},"excerpt":{"rendered":"<p>Nasza firma od 1997 roku dostarcza rozwi\u0105zania dla przemys\u0142u meblowego.\u00a0\u00a0Nieustannie rozwijamy nasze rozwi\u0105zania i ich kolejne ich generacje.\u00a0Tworzymy i stosujemy najnowsze\u00a0technologie.\u00a0 Dzi\u0119ki temu nasze systemy gwarantuj\u0105 Klientom nowoczesno\u015b\u0107,\u00a0rozw\u00f3j i wzrost konkurencyjno\u015bci.\u00a0 Ch\u0119tnie dzielimy si\u0119 z Klientami\u00a0naszymi do\u015bwiadczeniami,\u00a0aby mogli wdra\u017ca\u0107 nowoczesne metody organizacji sprzeda\u017cy i produkcji mebli.\u00a0 Wspieramy naszych klient\u00f3w z Polski\u00a0i z innych kraj\u00f3w. Razem&hellip;&nbsp;<a href=\"https:\/\/abrys.com.pl\/?page_id=582\" class=\"\" rel=\"bookmark\">Czytaj dalej &raquo;<span class=\"screen-reader-text\">O nas<\/span><\/a><\/p>\n","protected":false},"author":1,"featured_media":0,"parent":0,"menu_order":0,"comment_status":"closed","ping_status":"closed","template":"","meta":{"neve_meta_sidebar":"","neve_meta_container":"","neve_meta_enable_content_width":"","neve_meta_content_width":0,"neve_meta_title_alignment":"","neve_meta_author_avatar":"","neve_post_elements_order":"","neve_meta_disable_header":"","neve_meta_disable_footer":"","neve_meta_disable_title":"","_themeisle_gutenberg_block_has_review":false,"footnotes":""},"class_list":["post-582","page","type-page","status-publish","hentry"],"yoast_head":"<!-- This site is optimized with the Yoast SEO plugin v25.5 - https:\/\/yoast.com\/wordpress\/plugins\/seo\/ -->\n<title>O nas - Abrys System - oprogramowanie do produkcji mebli<\/title>\n<meta name=\"robots\" content=\"index, follow, max-snippet:-1, max-image-preview:large, max-video-preview:-1\" \/>\n<link rel=\"canonical\" href=\"https:\/\/abrys.com.pl\/?page_id=582\" \/>\n<meta property=\"og:locale\" content=\"pl_PL\" \/>\n<meta property=\"og:type\" content=\"article\" \/>\n<meta property=\"og:title\" content=\"O nas - Abrys System - oprogramowanie do produkcji mebli\" \/>\n<meta property=\"og:description\" content=\"Nasza firma od 1997 roku dostarcza rozwi\u0105zania dla przemys\u0142u meblowego.\u00a0\u00a0Nieustannie rozwijamy nasze rozwi\u0105zania i ich kolejne ich generacje.\u00a0Tworzymy i stosujemy najnowsze\u00a0technologie.\u00a0 Dzi\u0119ki temu nasze systemy gwarantuj\u0105 Klientom nowoczesno\u015b\u0107,\u00a0rozw\u00f3j i wzrost konkurencyjno\u015bci.\u00a0 Ch\u0119tnie dzielimy si\u0119 z Klientami\u00a0naszymi do\u015bwiadczeniami,\u00a0aby mogli wdra\u017ca\u0107 nowoczesne metody organizacji sprzeda\u017cy i produkcji mebli.\u00a0 Wspieramy naszych klient\u00f3w z Polski\u00a0i z innych kraj\u00f3w. Razem&hellip;&nbsp;Czytaj dalej &raquo;O nas\" \/>\n<meta property=\"og:url\" content=\"https:\/\/abrys.com.pl\/?page_id=582\" \/>\n<meta property=\"og:site_name\" content=\"Abrys System - oprogramowanie do produkcji mebli\" \/>\n<meta property=\"article:publisher\" content=\"https:\/\/www.facebook.com\/ABRYS.SYSTEMS\" \/>\n<meta property=\"article:modified_time\" content=\"2023-06-06T09:18:51+00:00\" \/>\n<meta name=\"twitter:card\" content=\"summary_large_image\" \/>\n<meta name=\"twitter:label1\" content=\"Szacowany czas czytania\" \/>\n\t<meta name=\"twitter:data1\" content=\"1 minuta\" \/>\n<script type=\"application\/ld+json\" class=\"yoast-schema-graph\">{\"@context\":\"https:\/\/schema.org\",\"@graph\":[{\"@type\":\"WebPage\",\"@id\":\"https:\/\/abrys.com.pl\/?page_id=582\",\"url\":\"https:\/\/abrys.com.pl\/?page_id=582\",\"name\":\"O nas - Abrys System - oprogramowanie do produkcji mebli\",\"isPartOf\":{\"@id\":\"https:\/\/abrys.com.pl\/#website\"},\"datePublished\":\"2023-06-05T13:05:38+00:00\",\"dateModified\":\"2023-06-06T09:18:51+00:00\",\"breadcrumb\":{\"@id\":\"https:\/\/abrys.com.pl\/?page_id=582#breadcrumb\"},\"inLanguage\":\"pl-PL\",\"potentialAction\":[{\"@type\":\"ReadAction\",\"target\":[\"https:\/\/abrys.com.pl\/?page_id=582\"]}]},{\"@type\":\"BreadcrumbList\",\"@id\":\"https:\/\/abrys.com.pl\/?page_id=582#breadcrumb\",\"itemListElement\":[{\"@type\":\"ListItem\",\"position\":1,\"name\":\"Home\",\"item\":\"https:\/\/abrys.com.pl\/\"},{\"@type\":\"ListItem\",\"position\":2,\"name\":\"O nas\"}]},{\"@type\":\"WebSite\",\"@id\":\"https:\/\/abrys.com.pl\/#website\",\"url\":\"https:\/\/abrys.com.pl\/\",\"name\":\"Abrys System - oprogramowanie do produkcji mebli\",\"description\":\"Projekt i produkcja mebli w jednym miejscu. 100% online\",\"publisher\":{\"@id\":\"https:\/\/abrys.com.pl\/#organization\"},\"potentialAction\":[{\"@type\":\"SearchAction\",\"target\":{\"@type\":\"EntryPoint\",\"urlTemplate\":\"https:\/\/abrys.com.pl\/?s={search_term_string}\"},\"query-input\":{\"@type\":\"PropertyValueSpecification\",\"valueRequired\":true,\"valueName\":\"search_term_string\"}}],\"inLanguage\":\"pl-PL\"},{\"@type\":\"Organization\",\"@id\":\"https:\/\/abrys.com.pl\/#organization\",\"name\":\"Abrys System - oprogramowanie do produkcji mebli\",\"url\":\"https:\/\/abrys.com.pl\/\",\"logo\":{\"@type\":\"ImageObject\",\"inLanguage\":\"pl-PL\",\"@id\":\"https:\/\/abrys.com.pl\/#\/schema\/logo\/image\/\",\"url\":\"http:\/\/vario.mobi\/wp-content\/uploads\/2023\/05\/Projekt-bez-tytulu.png\",\"contentUrl\":\"http:\/\/vario.mobi\/wp-content\/uploads\/2023\/05\/Projekt-bez-tytulu.png\",\"width\":940,\"height\":788,\"caption\":\"Abrys System - oprogramowanie do produkcji mebli\"},\"image\":{\"@id\":\"https:\/\/abrys.com.pl\/#\/schema\/logo\/image\/\"},\"sameAs\":[\"https:\/\/www.facebook.com\/ABRYS.SYSTEMS\",\"https:\/\/www.youtube.com\/@AbrysFusion\"]}]}<\/script>\n<!-- \/ Yoast SEO plugin. -->","yoast_head_json":{"title":"O nas - Abrys System - oprogramowanie do produkcji mebli","robots":{"index":"index","follow":"follow","max-snippet":"max-snippet:-1","max-image-preview":"max-image-preview:large","max-video-preview":"max-video-preview:-1"},"canonical":"https:\/\/abrys.com.pl\/?page_id=582","og_locale":"pl_PL","og_type":"article","og_title":"O nas - Abrys System - oprogramowanie do produkcji mebli","og_description":"Nasza firma od 1997 roku dostarcza rozwi\u0105zania dla przemys\u0142u meblowego.\u00a0\u00a0Nieustannie rozwijamy nasze rozwi\u0105zania i ich kolejne ich generacje.\u00a0Tworzymy i stosujemy najnowsze\u00a0technologie.\u00a0 Dzi\u0119ki temu nasze systemy gwarantuj\u0105 Klientom nowoczesno\u015b\u0107,\u00a0rozw\u00f3j i wzrost konkurencyjno\u015bci.\u00a0 Ch\u0119tnie dzielimy si\u0119 z Klientami\u00a0naszymi do\u015bwiadczeniami,\u00a0aby mogli wdra\u017ca\u0107 nowoczesne metody organizacji sprzeda\u017cy i produkcji mebli.\u00a0 Wspieramy naszych klient\u00f3w z Polski\u00a0i z innych kraj\u00f3w. Razem&hellip;&nbsp;Czytaj dalej &raquo;O nas","og_url":"https:\/\/abrys.com.pl\/?page_id=582","og_site_name":"Abrys System - oprogramowanie do produkcji mebli","article_publisher":"https:\/\/www.facebook.com\/ABRYS.SYSTEMS","article_modified_time":"2023-06-06T09:18:51+00:00","twitter_card":"summary_large_image","twitter_misc":{"Szacowany czas czytania":"1 minuta"},"schema":{"@context":"https:\/\/schema.org","@graph":[{"@type":"WebPage","@id":"https:\/\/abrys.com.pl\/?page_id=582","url":"https:\/\/abrys.com.pl\/?page_id=582","name":"O nas - Abrys System - oprogramowanie do produkcji mebli","isPartOf":{"@id":"https:\/\/abrys.com.pl\/#website"},"datePublished":"2023-06-05T13:05:38+00:00","dateModified":"2023-06-06T09:18:51+00:00","breadcrumb":{"@id":"https:\/\/abrys.com.pl\/?page_id=582#breadcrumb"},"inLanguage":"pl-PL","potentialAction":[{"@type":"ReadAction","target":["https:\/\/abrys.com.pl\/?page_id=582"]}]},{"@type":"BreadcrumbList","@id":"https:\/\/abrys.com.pl\/?page_id=582#breadcrumb","itemListElement":[{"@type":"ListItem","position":1,"name":"Home","item":"https:\/\/abrys.com.pl\/"},{"@type":"ListItem","position":2,"name":"O nas"}]},{"@type":"WebSite","@id":"https:\/\/abrys.com.pl\/#website","url":"https:\/\/abrys.com.pl\/","name":"Abrys System - oprogramowanie do produkcji mebli","description":"Projekt i produkcja mebli w jednym miejscu. 100% online","publisher":{"@id":"https:\/\/abrys.com.pl\/#organization"},"potentialAction":[{"@type":"SearchAction","target":{"@type":"EntryPoint","urlTemplate":"https:\/\/abrys.com.pl\/?s={search_term_string}"},"query-input":{"@type":"PropertyValueSpecification","valueRequired":true,"valueName":"search_term_string"}}],"inLanguage":"pl-PL"},{"@type":"Organization","@id":"https:\/\/abrys.com.pl\/#organization","name":"Abrys System - oprogramowanie do produkcji mebli","url":"https:\/\/abrys.com.pl\/","logo":{"@type":"ImageObject","inLanguage":"pl-PL","@id":"https:\/\/abrys.com.pl\/#\/schema\/logo\/image\/","url":"http:\/\/vario.mobi\/wp-content\/uploads\/2023\/05\/Projekt-bez-tytulu.png","contentUrl":"http:\/\/vario.mobi\/wp-content\/uploads\/2023\/05\/Projekt-bez-tytulu.png","width":940,"height":788,"caption":"Abrys System - oprogramowanie do produkcji mebli"},"image":{"@id":"https:\/\/abrys.com.pl\/#\/schema\/logo\/image\/"},"sameAs":["https:\/\/www.facebook.com\/ABRYS.SYSTEMS","https:\/\/www.youtube.com\/@AbrysFusion"]}]}},"_links":{"self":[{"href":"https:\/\/abrys.com.pl\/index.php?rest_route=\/wp\/v2\/pages\/582","targetHints":{"allow":["GET"]}}],"collection":[{"href":"https:\/\/abrys.com.pl\/index.php?rest_route=\/wp\/v2\/pages"}],"about":[{"href":"https:\/\/abrys.com.pl\/index.php?rest_route=\/wp\/v2\/types\/page"}],"author":[{"embeddable":true,"href":"https:\/\/abrys.com.pl\/index.php?rest_route=\/wp\/v2\/users\/1"}],"replies":[{"embeddable":true,"href":"https:\/\/abrys.com.pl\/index.php?rest_route=%2Fwp%2Fv2%2Fcomments&post=582"}],"version-history":[{"count":3,"href":"https:\/\/abrys.com.pl\/index.php?rest_route=\/wp\/v2\/pages\/582\/revisions"}],"predecessor-version":[{"id":588,"href":"https:\/\/abrys.com.pl\/index.php?rest_route=\/wp\/v2\/pages\/582\/revisions\/588"}],"wp:attachment":[{"href":"https:\/\/abrys.com.pl\/index.php?rest_route=%2Fwp%2Fv2%2Fmedia&parent=582"}],"curies":[{"name":"wp","href":"https:\/\/api.w.org\/{rel}","templated":true}]}}